{"id":7,"date":"2017-03-20T11:50:43","date_gmt":"2017-03-20T10:50:43","guid":{"rendered":"http:\/\/www.drawup.at\/?page_id=7"},"modified":"2024-08-28T08:46:39","modified_gmt":"2024-08-28T06:46:39","slug":"startseite","status":"publish","type":"page","link":"https:\/\/www.drawup.at\/","title":{"rendered":"Startseite"},"content":{"rendered":"<p>Willkommen bei DrawUp! Wir sind Ihr Dienstleister aus Steyr-Land f\u00fcr Websites, Webapps, Informationstechnologie und Grafikdienstleistungen. Mit unseren ma\u00dfgeschneiderten L\u00f6sungen setzen wir Ihre Ideen perfekt um. Egal, ob Sie eine neue Website, innovative Webanwendungen oder kreative Grafiken ben\u00f6tigen \u2013 bei uns sind Sie genau richtig. Vertrauen Sie auf unsere Erfahrung, um Ihre Projekte erfolgreich zu verwirklichen.<\/p>\n\n\n<p class=\"wp-block-paragraph\"><\/p>\n","protected":false},"excerpt":{"rendered":"<p>Willkommen bei DrawUp! Wir sind Ihr Dienstleister aus Steyr-Land f\u00fcr Websites, Webapps, Informationstechnologie und Grafikdienstleistungen. Mit unseren ma\u00dfgeschneiderten L\u00f6sungen setzen wir Ihre Ideen perfekt um. Egal, ob Sie eine neue Website, innovative Webanwendungen oder kreative Grafiken ben\u00f6tigen \u2013 bei uns sind Sie genau richtig. Vertrauen Sie auf unsere Erfahrung, um Ihre Projekte erfolgreich zu verwirklichen.<\/p>\n","protected":false},"author":1,"featured_media":0,"parent":0,"menu_order":0,"comment_status":"closed","ping_status":"closed","template":"","meta":{"_crdt_document":"","footnotes":""},"class_list":["post-7","page","type-page","status-publish","hentry"],"_links":{"self":[{"href":"https:\/\/www.drawup.at\/index.php?rest_route=\/wp\/v2\/pages\/7","targetHints":{"allow":["GET"]}}],"collection":[{"href":"https:\/\/www.drawup.at\/index.php?rest_route=\/wp\/v2\/pages"}],"about":[{"href":"https:\/\/www.drawup.at\/index.php?rest_route=\/wp\/v2\/types\/page"}],"author":[{"embeddable":true,"href":"https:\/\/www.drawup.at\/index.php?rest_route=\/wp\/v2\/users\/1"}],"replies":[{"embeddable":true,"href":"https:\/\/www.drawup.at\/index.php?rest_route=%2Fwp%2Fv2%2Fcomments&post=7"}],"version-history":[{"count":10,"href":"https:\/\/www.drawup.at\/index.php?rest_route=\/wp\/v2\/pages\/7\/revisions"}],"predecessor-version":[{"id":385,"href":"https:\/\/www.drawup.at\/index.php?rest_route=\/wp\/v2\/pages\/7\/revisions\/385"}],"wp:attachment":[{"href":"https:\/\/www.drawup.at\/index.php?rest_route=%2Fwp%2Fv2%2Fmedia&parent=7"}],"curies":[{"name":"wp","href":"https:\/\/api.w.org\/{rel}","templated":true}]}}