{"id":133,"date":"2018-05-24T09:40:07","date_gmt":"2018-05-24T07:40:07","guid":{"rendered":"https:\/\/www.drawup.at\/?page_id=133"},"modified":"2023-03-27T08:54:14","modified_gmt":"2023-03-27T06:54:14","slug":"impressum","status":"publish","type":"page","link":"https:\/\/www.drawup.at\/?page_id=133","title":{"rendered":"Impressum"},"content":{"rendered":"<p>Informationspflicht laut \u00a75 E-Commerce Gesetz, \u00a714 Unternehmensgesetzbuch, \u00a763 Gewerbeordnung und Offenlegungspflicht laut \u00a725 Mediengesetz.<\/p>\n<p>DrawUp<br \/>\nHans-Peter Schraml<br \/>\nNeustift 60,<br \/>\n4443 Maria Neustift,<br \/>\n\u00d6sterreich<\/p>\n<p><strong>Unternehmensgegenstand:<\/strong>\u00a0IT Dienstleistungen<br \/>\n<strong>UID-Nummer:<\/strong> ATU78999416<\/p>\n<p><strong>Tel.:<\/strong> <a href=\"tel:+43725050749\" data-type=\"tel\" data-id=\"tel:+43725050749\">+43 7250 50749<\/a><br \/>\n<strong>E-Mail:<\/strong>\u00a0<a href=\"mailto:office@drawup.at\">office@drawup.at<\/a><\/p>\n<p><strong>Mitglied bei:<\/strong>\u00a0WKO, Landesinnung, etc.<br \/>\n<strong>Berufsrecht:<\/strong>\u00a0Gewerbeordnung: www.ris.bka.gv.at<\/p>\n<p><strong>Aufsichtsbeh\u00f6rde\/Gewerbebeh\u00f6rde:<\/strong>\u00a0Bezirkshauptmannschaft Steyr-Land<br \/>\n<strong>Berufsbezeichnung:<\/strong>\u00a0Webdesigner, Grafiker<br \/>\n<strong>Verleihungsstaat:<\/strong>\u00a0\u00d6sterreich<\/p>\n<p>Quelle: Erstellt\u00a0mit dem\u00a0<a title=\"Impressum Generator von firmenwebseiten.at\" href=\"https:\/\/www.firmenwebseiten.at\/impressum-generator\/\" target=\"_blank\" rel=\"follow noopener noreferrer\">Impressum Generator von firmenwebseiten.at<\/a>\u00a0in Kooperation mit\u00a0<a class=\"external\" title=\"\" href=\"https:\/\/www.heiratsinfo.at\/\" target=\"_blank\" rel=\"follow noopener noreferrer\">heiratsinfo.at<\/a><\/p>\n<h2>EU-Streitschlichtung<\/h2>\n<p>Angaben zur Online-Streitbeilegung: Verbraucher haben die M\u00f6glichkeit, Beschwerden an die OnlineStreitbeilegungsplattform der EU zu richten:\u00a0<a class=\"external\" href=\"https:\/\/ec.europa.eu\/consumers\/odr\/main\/index.cfm?event=main.home2.show&amp;lng=DE\" rel=\"nofollow\">https:\/\/ec.europa.eu\/consumers\/odr\/main\/index.cfm?event=main.home2.show&amp;lng=DE<\/a>. Sie k\u00f6nnen allf\u00e4llige Beschwerde auch an die oben angegebene E-Mail-Adresse richten.<\/p>\n<h2>Haftung f\u00fcr Inhalte dieser Webseite<\/h2>\n<p>Wir entwickeln die Inhalte dieser Webseite st\u00e4ndig weiter und bem\u00fchen uns korrekte und aktuelle Informationen bereitzustellen. Leider k\u00f6nnen wir keine Haftung f\u00fcr die Korrektheit aller Inhalte auf dieser Webseite \u00fcbernehmen, speziell f\u00fcr jene die seitens Dritter bereitgestellt wird. Sollten Ihnen problematische oder rechtswidrige Inhalte auffallen, bitte wir Sie uns umgehend zu kontaktieren, Sie finden die Kontaktdaten im Impressum.<\/p>\n<h2>Haftung f\u00fcr Links auf dieser Webseite<\/h2>\n<p>Unsere Webseite enth\u00e4lt Links zu anderen Webseiten f\u00fcr deren Inhalt wir nicht verantwortlich sind. Wenn Ihnen rechtswidrige Links auf unserer Webseite auffallen, bitte wir Sie uns zu kontaktieren, Sie finden die Kontaktdaten im Impressum.<\/p>\n<h2>Urheberrechtshinweis<\/h2>\n<p>Alle Inhalte dieser Webseite (Bilder, Fotos, Texte, Videos) unterliegen dem Urheberrecht. Falls notwendig, werden wir die unerlaubte Nutzung von Teilen der Inhalte unserer Seite rechtlich verfolgen.<\/p>\n<h2>Bildernachweis<\/h2>\n<p>Die Bilder, Fotos und Grafiken auf dieser Webseite sind urheberrechtlich gesch\u00fctzt.<\/p>\n<p>Die Bilderrechte liegen bei den folgenden Fotografen und Unternehmen:<\/p>\n<ul>\n<li>DrawUp<\/li>\n<li>Pixabay<\/li>\n<\/ul>\n<h1 id=\"datas\">Datenschutzerkl\u00e4rung<\/h1>\n<h2>Datenschutz<\/h2>\n<p>Wir haben diese Datenschutzerkl\u00e4rung verfasst, um Ihnen gem\u00e4\u00df der Vorgaben der EU-Datenschutz-Grundverordnung zu erkl\u00e4ren, welche Informationen wir sammeln, wie wir Daten verwenden und welche Entscheidungsm\u00f6glichkeiten Sie als Besucher dieser Webseite haben.<\/p>\n<p>Leider liegt es in der Natur der Sache, dass diese Erkl\u00e4rungen sehr technisch klingen, wir haben uns bei der Erstellung jedoch bem\u00fcht die wichtigsten Dinge so einfach und klar zu beschreiben.<\/p>\n<h2>Automatische Datenspeicherung<\/h2>\n<p>Wenn Sie heutzutage Webseiten besuchen, werden gewisse Informationen automatisch erstellt und gespeichert, so auch auf dieser Webseite.<\/p>\n<p>Wenn Sie unsere Webseite so wie jetzt gerade besuchen, speichert unser Webserver (Computer auf dem diese Webseite gespeichert ist) automatisch Daten wie die IP-Adresse Ihres Ger\u00e4tes, die Adressen der besuchten Unterseiten, Details zu Ihrem Browser (z.B. Chrome, Firefox, Edge,\u2026) und Datum sowie Uhrzeit. Wir nutzen diese Daten nicht und geben Sie in der Regel nicht weiter, k\u00f6nnen jedoch nicht ausschlie\u00dfen, dass diese Daten beim Vorliegen von rechtswidrigem Verhalten eingesehen werden.<\/p>\n<h2>Ihre Rechte<\/h2>\n<p>Ihnen stehen grunds\u00e4tzlich die Rechte auf Auskunft, Berichtigung, L\u00f6schung, Einschr\u00e4nkung, Daten\u00fcbertragbarkeit, Widerruf und Widerspruch zu. Wenn Sie glauben, dass die Verarbeitung Ihrer Daten gegen das Datenschutzrecht verst\u00f6\u00dft oder Ihre datenschutzrechtlichen Anspr\u00fcche sonst in einer Weise verletzt worden sind, k\u00f6nnen Sie sich bei der Aufsichtsbeh\u00f6rde beschweren. In \u00d6sterreich ist dies die Datenschutzbeh\u00f6rde, deren Webseiten Sie unter\u00a0<a class=\"external\" href=\"https:\/\/www.dsb.gv.at\/\" rel=\"nofollow\">https:\/\/www.dsb.gv.at\/<\/a>\u00a0finden.<\/p>\n<h2>TLS-Verschl\u00fcsselung mit https<\/h2>\n<p>Wir verwenden https um Daten abh\u00f6rsicher im Internet zu \u00fcbertragen. Durch den Einsatz von TLS (Transport Layer Security), einem Verschl\u00fcsselungsprotokoll zur sicheren Daten\u00fcbertragung im Internet k\u00f6nnen wir den Schutz vertraulicher Daten sicherstellen. Sie erkennen die Benutzung dieser Absicherung der Daten\u00fcbertragung am kleinen Schlo\u00dfsymbol links oben im Browser und der Verwendung des Schemas https als Teil unserer Internetadresse.<\/p>\n<h2>Cookies<\/h2>\n<p>Unsere Website verwendet HTTP-Cookies um nutzerspezifische Daten zu speichern.<br \/>\nEin Cookie ist ein kurzes Datenpaket, welches zwischen Webbrowser und Webserver ausgetauscht wird, f\u00fcr diese aber v\u00f6llig bedeutungslos ist und erst f\u00fcr die Webanwendung, z. B. einen Online-Shop, eine Bedeutung erh\u00e4lt, etwa den Inhalt eines virtuellen Warenkorbes.<br \/>\nEs gibt zwei Arten von Cookies: Erstanbieter-Cookies werden von unserer Website erstellt, Drittanbieter-Cookies werden von anderen Websites (z. B. Google Analytics) erstellt.<br \/>\nMan unterscheidet drei Kategorien von Cookies: unbedingt notwendige Cookies um grundlegende Funktionen der Website sicherzustellen, funktionelle Cookies um die Leistung der Webseite sicherzustellen und zielorientierte Cookies um das Benutzererlebnis zu verbessern.<br \/>\nWir nutzen Cookies, um unsere Webseite nutzerfreundlicher zu gestalten. Einige Cookies bleiben auf Ihrem Endger\u00e4t gespeichert, bis Sie diese l\u00f6schen. Sie erm\u00f6glichen es uns, Ihren Browser beim n\u00e4chsten Besuch wiederzuerkennen.<br \/>\nWenn Sie dies nicht w\u00fcnschen, so k\u00f6nnen Sie Ihren Browser so einrichten, dass er Sie \u00fcber das Setzen von Cookies informiert und Sie dies nur im Einzelfall erlauben.<br \/>\nSie k\u00f6nnen jederzeit Cookies, die sich bereits auf Ihrem Computer befinden, l\u00f6schen oder Cookies deaktivieren. Die Vorgangsweise dazu ist nach Browser unterschiedlich, am besten Sie suchen die Anleitung in Google mit dem Suchbegriff \u201ecookies l\u00f6schen chrome\u201c oder \u201ecookies deaktivieren chrome\u201c im Falle eines Chrome Browsers oder tauschen das Wort \u201echrome\u201c gegen den Namen Ihres Browsers, z. B. edge, firefox, safari aus.<br \/>\nWenn Sie uns generell nicht gestatten, Cookies zu nutzen, d.h. diese per Browsereinstellung deaktivieren, k\u00f6nnen manche Funktionen und Seiten nicht wie erwartet funktionieren.<\/p>\n<h2>Google Fonts Datenschutzerkl\u00e4rung<\/h2>\n<p>Wir verwenden Google Fonts der Firma Google Inc. (1600 Amphitheatre Parkway Mountain View, CA 94043, USA) auf unserer Webseite. Es wird jedoch eine lokale Version verwendet. Das hei\u00dft die Font wird von unserem Server vorgeladen und lokal gespeichert. So werden zu keinem Zeitpunkt Kundendaten an Google \u00fcbermittelt.<\/p>\n<h3>Cookies deaktivieren<\/h3>\n<p>Sie k\u00f6nnen jederzeit Cookies, die sich bereits auf Ihrem Computer befinden, l\u00f6schen oder Cookies deaktivieren. Die Vorgangsweise dazu ist nach Browser unterschiedlich, am besten Sie suchen die Anleitung in Google mit dem Suchbegriff \u201ccookies l\u00f6schen chrome\u201d oder \u201ccookies deaktivieren chrome\u201d im Falle eines Chrome Browsers oder tauschen das Wort \u201cchrome\u201d gegen den Namen Ihres Browsers, z. B. edge, firefix, safari aus.<\/p>\n<p>Wenn Sie uns generell nicht gestatten, Cookies zu nutzen, d.h. diese per Browsereinstellung deaktivieren, k\u00f6nnen manche \u00a0Funktionen und Seiten nicht wie erwartet funktionieren.<\/p>\n<h3>Personalisierte Werbung deaktivieren<\/h3>\n<p>Wenn Sie ein Google Konto haben, k\u00f6nnen Sie auf der Seite\u00a0<a class=\"external\" href=\"https:\/\/adssettings.google.com\/authenticated\" rel=\"nofollow\">https:\/\/adssettings.google.com\/authenticated<\/a>\u00a0personalisierte Werbung deaktivieren. Auch im Falle der Deaktivierung der Personalisierung von Anzeigen sehen Sie m\u00f6glicherweise weiterhin Anzeigen auf der Grundlage von Faktoren wie Ihrem ungef\u00e4hren Standort, der aus Ihrer IP-Adresse abgeleitet wird, dem Browsertyp sowie den k\u00fcrzlich verwendeten Suchbegriffen.<\/p>\n<p>Welche Daten von Google erfasst werden und wof\u00fcr diese Daten verwendet werden, k\u00f6nnen Sie auf\u00a0<a class=\"external\" href=\"https:\/\/www.google.com\/intl\/de\/policies\/privacy\/\" rel=\"nofollow\">https:\/\/www.google.com\/intl\/de\/policies\/privacy\/<\/a>\u00a0nachlesen.<\/p>\n","protected":false},"excerpt":{"rendered":"<p>Informationspflicht laut \u00a75 E-Commerce Gesetz, \u00a714 Unternehmensgesetzbuch, \u00a763 Gewerbeordnung und Offenlegungspflicht laut \u00a725 Mediengesetz. DrawUp Hans-Peter Schraml Neustift 60, 4443 Maria Neustift, \u00d6sterreich Unternehmensgegenstand:\u00a0IT Dienstleistungen UID-Nummer: ATU78999416 Tel.: +43 7250 50749 E-Mail:\u00a0office@drawup.at Mitglied bei:\u00a0WKO, Landesinnung, etc. Berufsrecht:\u00a0Gewerbeordnung: www.ris.bka.gv.at Aufsichtsbeh\u00f6rde\/Gewerbebeh\u00f6rde:\u00a0Bezirkshauptmannschaft Steyr-Land Berufsbezeichnung:\u00a0Webdesigner, Grafiker Verleihungsstaat:\u00a0\u00d6sterreich Quelle: Erstellt\u00a0mit dem\u00a0Impressum Generator von firmenwebseiten.at\u00a0in Kooperation mit\u00a0heiratsinfo.at EU-Streitschlichtung Angaben zur Online-Streitbeilegung: &hellip; <\/p>\n<p class=\"link-more\"><a href=\"https:\/\/www.drawup.at\/?page_id=133\" class=\"more-link\"><span class=\"screen-reader-text\">\u201eImpressum\u201c <\/span>weiterlesen<\/a><\/p>\n","protected":false},"author":1,"featured_media":0,"parent":0,"menu_order":0,"comment_status":"closed","ping_status":"closed","template":"","meta":{"_crdt_document":"","footnotes":""},"class_list":["post-133","page","type-page","status-publish","hentry"],"_links":{"self":[{"href":"https:\/\/www.drawup.at\/index.php?rest_route=\/wp\/v2\/pages\/133","targetHints":{"allow":["GET"]}}],"collection":[{"href":"https:\/\/www.drawup.at\/index.php?rest_route=\/wp\/v2\/pages"}],"about":[{"href":"https:\/\/www.drawup.at\/index.php?rest_route=\/wp\/v2\/types\/page"}],"author":[{"embeddable":true,"href":"https:\/\/www.drawup.at\/index.php?rest_route=\/wp\/v2\/users\/1"}],"replies":[{"embeddable":true,"href":"https:\/\/www.drawup.at\/index.php?rest_route=%2Fwp%2Fv2%2Fcomments&post=133"}],"version-history":[{"count":8,"href":"https:\/\/www.drawup.at\/index.php?rest_route=\/wp\/v2\/pages\/133\/revisions"}],"predecessor-version":[{"id":364,"href":"https:\/\/www.drawup.at\/index.php?rest_route=\/wp\/v2\/pages\/133\/revisions\/364"}],"wp:attachment":[{"href":"https:\/\/www.drawup.at\/index.php?rest_route=%2Fwp%2Fv2%2Fmedia&parent=133"}],"curies":[{"name":"wp","href":"https:\/\/api.w.org\/{rel}","templated":true}]}}